{"id":2,"date":"2019-10-15T20:04:25","date_gmt":"2019-10-15T20:04:25","guid":{"rendered":"http:\/\/cursotaller.tmidgo.gob.mx\/?page_id=2"},"modified":"2019-10-17T14:33:11","modified_gmt":"2019-10-17T14:33:11","slug":"sample-page","status":"publish","type":"page","link":"https:\/\/cursotaller.tmidgo.gob.mx\/","title":{"rendered":"Curso Taller Universitario"},"content":{"rendered":"\n<p style=\"color:#034063\" class=\"has-text-color has-medium-font-size\">Como parte de la colaboraci\u00f3n acad\u00e9mica que realiza este Tribunal, con las Universidades y unidades acad\u00e9micas se comparte el material del Curso Universitario de Justicia Penal para Adolescentes dirigido a los alumnos de las Facultades de Derecho, en el cual se abordan t\u00f3picos b\u00e1sicos respecto del\u00a0 sistema de Justicia Penal Juvenil que impera en nuestro pa\u00eds, con el cual se pretende inquietar y dotar de los conocimientos esenciales en el modelo de jurisdicci\u00f3n especializada inherente a los adolescentes en conflicto con la ley, esta capacitaci\u00f3n que se lleva a cabo por personal del TMI, y se abordan temas relativos a los antecedentes de la Ley Nacional, a los principios y derechos de los adolescentes, al procedimiento penal especializado en adolescentes, a los mecanismos alternos de soluci\u00f3n de controversias, la ejecuci\u00f3n de las sanciones y los recursos que prev\u00e9 la ley de la materia, <\/p>\n","protected":false},"excerpt":{"rendered":"<p>Como parte de la colaboraci\u00f3n acad\u00e9mica que realiza este Tribunal, con las Universidades y unidades acad\u00e9micas se comparte el material del Curso Universitario&#8230;<\/p>\n","protected":false},"author":1,"featured_media":0,"parent":0,"menu_order":0,"comment_status":"open","ping_status":"closed","template":"","meta":[],"_links":{"self":[{"href":"https:\/\/cursotaller.tmidgo.gob.mx\/index.php\/wp-json\/wp\/v2\/pages\/2"}],"collection":[{"href":"https:\/\/cursotaller.tmidgo.gob.mx\/index.php\/wp-json\/wp\/v2\/pages"}],"about":[{"href":"https:\/\/cursotaller.tmidgo.gob.mx\/index.php\/wp-json\/wp\/v2\/types\/page"}],"author":[{"embeddable":true,"href":"https:\/\/cursotaller.tmidgo.gob.mx\/index.php\/wp-json\/wp\/v2\/users\/1"}],"replies":[{"embeddable":true,"href":"https:\/\/cursotaller.tmidgo.gob.mx\/index.php\/wp-json\/wp\/v2\/comments?post=2"}],"version-history":[{"count":5,"href":"https:\/\/cursotaller.tmidgo.gob.mx\/index.php\/wp-json\/wp\/v2\/pages\/2\/revisions"}],"predecessor-version":[{"id":55,"href":"https:\/\/cursotaller.tmidgo.gob.mx\/index.php\/wp-json\/wp\/v2\/pages\/2\/revisions\/55"}],"wp:attachment":[{"href":"https:\/\/cursotaller.tmidgo.gob.mx\/index.php\/wp-json\/wp\/v2\/media?parent=2"}],"curies":[{"name":"wp","href":"https:\/\/api.w.org\/{rel}","templated":true}]}}